{"id":150,"date":"2020-09-07T15:34:13","date_gmt":"2020-09-07T21:34:13","guid":{"rendered":"http:\/\/automatizacionesmmas.com\/site\/?page_id=150"},"modified":"2020-09-07T16:42:24","modified_gmt":"2020-09-07T22:42:24","slug":"tecnologia-de-punta-desinfeccion","status":"publish","type":"page","link":"http:\/\/automatizacionesmmas.com\/site\/tecnologia-de-punta-desinfeccion\/","title":{"rendered":"Tecnolog\u00eda de punta desinfecci\u00f3n"},"content":{"rendered":"\t\t<div data-elementor-type=\"wp-page\" data-elementor-id=\"150\" class=\"elementor elementor-150\" data-elementor-settings=\"[]\">\n\t\t\t\t\t\t<div class=\"elementor-inner\">\n\t\t\t\t\t\t\t<div class=\"elementor-section-wrap\">\n\t\t\t\t\t\t\t<section class=\"elementor-section elementor-top-section elementor-element elementor-element-70bd1c4 elementor-section-full_width elementor-section-height-min-height elementor-section-height-default elementor-section-items-middle elementor-invisible\" data-id=\"70bd1c4\" data-element_type=\"section\" data-settings=\"{&quot;background_background&quot;:&quot;classic&quot;,&quot;animation&quot;:&quot;zoomIn&quot;}\">\n\t\t\t\t\t\t\t<div class=\"elementor-background-overlay\"><\/div>\n\t\t\t\t\t\t\t<div class=\"elementor-container elementor-column-gap-default\">\n\t\t\t\t\t\t\t<div class=\"elementor-row\">\n\t\t\t\t\t<div class=\"elementor-column elementor-col-50 elementor-top-column elementor-element elementor-element-3fb4927\" data-id=\"3fb4927\" data-element_type=\"column\">\n\t\t\t<div class=\"elementor-column-wrap elementor-element-populated\">\n\t\t\t\t\t\t\t<div class=\"elementor-widget-wrap\">\n\t\t\t\t\t\t<div class=\"elementor-element elementor-element-5ed484b elementor-invisible elementor-widget elementor-widget-text-editor\" data-id=\"5ed484b\" data-element_type=\"widget\" data-settings=\"{&quot;_animation&quot;:&quot;fadeInLeft&quot;}\" data-widget_type=\"text-editor.default\">\n\t\t\t\t<div class=\"elementor-widget-container\">\n\t\t\t\t\t<div class=\"elementor-text-editor elementor-clearfix\"><p style=\"color: #fff; font-size: 22pt; text-align:center;\"><strong>Sistema fijo para desinfecci\u00f3n de superficies.<\/strong><\/p>\n<p style=\"color: #fff; font-size: 12pt;\">Utilizando una l\u00e1mpara germinicida del tipo <b>UVC<\/b> se desinfecta un \u00e1rea por determinado tiempo. Se requiere de un sistema que encienda la l\u00e1mpara por medio de una llave de control de acceso, esto con el objetivo de que solamente una persona autorizada pueda encenderla y los usuarios no se exponga a la radiaci\u00f3n.\u00a0 Debe contar con un temporizador de encendido y que programe el tiempo de desinfecci\u00f3n pudiendo variar entre 15, 20 y 30 minutos para despu\u00e9s apagarse de forma autom\u00e1tica.<\/p>\n<p style=\"color: #fff; font-size: 12pt;\">La eficacia germicida es proporcional a la dosis de exposici\u00f3n (exposici\u00f3n de radiaci\u00f3n, t\u00edpicamente se mide en mJ\/cm2, o J\/m2), (mW\/cm2 o W\/m2), que es el producto de la tasa de dosis y tiempo (desde 1 \u03bcs hasta varias horas)<\/p>\n<p style=\"color: #fff; font-size: 12pt;\">Por ejemplo, si una determinada exposici\u00f3n a los rayos UV mata al 90% de una poblaci\u00f3n bacteriana (a menudo denominada &#8220;1 log kill &#8220;), duplicar el tiempo de exposici\u00f3n o la intensidad puede matar solo el 90% del 10% residual, para una <b>eficacia germicida general del 99%<\/b><\/p><\/div>\n\t\t\t\t<\/div>\n\t\t\t\t<\/div>\n\t\t\t\t\t\t<\/div>\n\t\t\t\t\t<\/div>\n\t\t<\/div>\n\t\t\t\t<div class=\"elementor-column elementor-col-50 elementor-top-column elementor-element elementor-element-31168f3\" data-id=\"31168f3\" data-element_type=\"column\">\n\t\t\t<div class=\"elementor-column-wrap\">\n\t\t\t\t\t\t\t<div class=\"elementor-widget-wrap\">\n\t\t\t\t\t\t\t\t<\/div>\n\t\t\t\t\t<\/div>\n\t\t<\/div>\n\t\t\t\t\t\t\t\t<\/div>\n\t\t\t\t\t<\/div>\n\t\t<\/section>\n\t\t\t\t<section class=\"elementor-section elementor-top-section elementor-element elementor-element-5699c74 elementor-section-full_width elementor-section-height-min-height elementor-section-height-default elementor-section-items-middle elementor-invisible\" data-id=\"5699c74\" data-element_type=\"section\" data-settings=\"{&quot;background_background&quot;:&quot;classic&quot;,&quot;animation&quot;:&quot;zoomIn&quot;}\">\n\t\t\t\t\t\t\t<div class=\"elementor-background-overlay\"><\/div>\n\t\t\t\t\t\t\t<div class=\"elementor-container elementor-column-gap-default\">\n\t\t\t\t\t\t\t<div class=\"elementor-row\">\n\t\t\t\t\t<div class=\"elementor-column elementor-col-50 elementor-top-column elementor-element elementor-element-51f9789\" data-id=\"51f9789\" data-element_type=\"column\">\n\t\t\t<div class=\"elementor-column-wrap\">\n\t\t\t\t\t\t\t<div class=\"elementor-widget-wrap\">\n\t\t\t\t\t\t\t\t<\/div>\n\t\t\t\t\t<\/div>\n\t\t<\/div>\n\t\t\t\t<div class=\"elementor-column elementor-col-50 elementor-top-column elementor-element elementor-element-0e15875\" data-id=\"0e15875\" data-element_type=\"column\">\n\t\t\t<div class=\"elementor-column-wrap elementor-element-populated\">\n\t\t\t\t\t\t\t<div class=\"elementor-widget-wrap\">\n\t\t\t\t\t\t<div class=\"elementor-element elementor-element-989ba76 elementor-invisible elementor-widget elementor-widget-text-editor\" data-id=\"989ba76\" data-element_type=\"widget\" data-settings=\"{&quot;_animation&quot;:&quot;fadeInRight&quot;}\" data-widget_type=\"text-editor.default\">\n\t\t\t\t<div class=\"elementor-widget-container\">\n\t\t\t\t\t<div class=\"elementor-text-editor elementor-clearfix\"><p style=\"color: #fff; font-size: 22pt; text-align: center;\"><strong>Ventajas de instalar las l\u00e1mparas UVC en las unidades de transporte\n<\/strong><\/p>\n<p style=\"color: #fff; font-size: 12pt;\">De acuerdo con diversas investigaciones realizadas, las \u00e1reas en donde se produce el mayor n\u00famero de contagios es en espacios cerrados de concurrencia p\u00fablica, por lo tanto las ventajas de contar con este sistema de l\u00e1mparas UVC es que se puede realizar la desinfecci\u00f3n con la periodicidad que sea necesaria, durante el d\u00eda o la noche, abarcando todas las superficies de la unidad como son: pasamanos, asientos, cristales, piso, etc. Garantizando que el transporte p\u00fablico sea un lugar seguro, debido a esto el n\u00famero de contagios se podr\u00eda reducir de manera considerable. \n<\/p>\n\n<\/div>\n\t\t\t\t<\/div>\n\t\t\t\t<\/div>\n\t\t\t\t\t\t<\/div>\n\t\t\t\t\t<\/div>\n\t\t<\/div>\n\t\t\t\t\t\t\t\t<\/div>\n\t\t\t\t\t<\/div>\n\t\t<\/section>\n\t\t\t\t<section class=\"elementor-section elementor-top-section elementor-element elementor-element-319250d elementor-section-full_width elementor-section-height-min-height elementor-section-height-default elementor-section-items-middle elementor-invisible\" data-id=\"319250d\" data-element_type=\"section\" data-settings=\"{&quot;background_background&quot;:&quot;classic&quot;,&quot;animation&quot;:&quot;zoomIn&quot;}\">\n\t\t\t\t\t\t\t<div class=\"elementor-background-overlay\"><\/div>\n\t\t\t\t\t\t\t<div class=\"elementor-container elementor-column-gap-default\">\n\t\t\t\t\t\t\t<div class=\"elementor-row\">\n\t\t\t\t\t<div class=\"elementor-column elementor-col-50 elementor-top-column elementor-element elementor-element-b2fb07e\" data-id=\"b2fb07e\" data-element_type=\"column\">\n\t\t\t<div class=\"elementor-column-wrap elementor-element-populated\">\n\t\t\t\t\t\t\t<div class=\"elementor-widget-wrap\">\n\t\t\t\t\t\t<div class=\"elementor-element elementor-element-e2e79ef elementor-invisible elementor-widget elementor-widget-text-editor\" data-id=\"e2e79ef\" data-element_type=\"widget\" data-settings=\"{&quot;_animation&quot;:&quot;fadeInLeft&quot;}\" data-widget_type=\"text-editor.default\">\n\t\t\t\t<div class=\"elementor-widget-container\">\n\t\t\t\t\t<div class=\"elementor-text-editor elementor-clearfix\"><p style=\"color: #fff; font-size: 22pt; text-align: center;\"><strong>Procedimiento para su uso correcto<br \/><\/strong><\/p><p style=\"color: #fff; font-size: 22pt; text-align: center;\"><strong>\u00a0<\/strong><\/p><ul><li style=\"color: #fff; font-size: 12pt;\">Asegurar que el \u00e1rea a desinfectar est\u00e9 libre de personas, an\u00edmales y plantas.<\/li><li style=\"color: #fff; font-size: 12pt;\">Encender la l\u00e1mpara en un lapso de 20-30 minutos. Ya sea que el sistema est\u00e9 programado para encender y apagar de manera autom\u00e1tica o bien manualmente por medio de una llave.<\/li><li style=\"color: #fff; font-size: 12pt;\">No mirar fijamente la luz ultravioleta.<\/li><li style=\"color: #fff; font-size: 12pt;\">Ventilar por 10 minutos el \u00e1rea antes de ser usado.<\/li><\/ul><\/div>\n\t\t\t\t<\/div>\n\t\t\t\t<\/div>\n\t\t\t\t\t\t<\/div>\n\t\t\t\t\t<\/div>\n\t\t<\/div>\n\t\t\t\t<div class=\"elementor-column elementor-col-50 elementor-top-column elementor-element elementor-element-ab76123\" data-id=\"ab76123\" data-element_type=\"column\">\n\t\t\t<div class=\"elementor-column-wrap\">\n\t\t\t\t\t\t\t<div class=\"elementor-widget-wrap\">\n\t\t\t\t\t\t\t\t<\/div>\n\t\t\t\t\t<\/div>\n\t\t<\/div>\n\t\t\t\t\t\t\t\t<\/div>\n\t\t\t\t\t<\/div>\n\t\t<\/section>\n\t\t\t\t\t\t<\/div>\n\t\t\t\t\t\t<\/div>\n\t\t\t\t\t<\/div>\n\t\t","protected":false},"excerpt":{"rendered":"<p>Sistema fijo para desinfecci\u00f3n de superficies. Utilizando una l\u00e1mpara germinicida del tipo UVC se desinfecta un \u00e1rea por determinado tiempo. Se requiere de un sistema que encienda la l\u00e1mpara por medio de una llave de control de acceso, esto con el objetivo de que solamente una persona autorizada pueda encenderla [&hellip;]<\/p>\n","protected":false},"author":1,"featured_media":0,"parent":0,"menu_order":0,"comment_status":"closed","ping_status":"closed","template":"page-templates\/template-fullwidth.php","meta":[],"_links":{"self":[{"href":"http:\/\/automatizacionesmmas.com\/site\/wp-json\/wp\/v2\/pages\/150"}],"collection":[{"href":"http:\/\/automatizacionesmmas.com\/site\/wp-json\/wp\/v2\/pages"}],"about":[{"href":"http:\/\/automatizacionesmmas.com\/site\/wp-json\/wp\/v2\/types\/page"}],"author":[{"embeddable":true,"href":"http:\/\/automatizacionesmmas.com\/site\/wp-json\/wp\/v2\/users\/1"}],"replies":[{"embeddable":true,"href":"http:\/\/automatizacionesmmas.com\/site\/wp-json\/wp\/v2\/comments?post=150"}],"version-history":[{"count":15,"href":"http:\/\/automatizacionesmmas.com\/site\/wp-json\/wp\/v2\/pages\/150\/revisions"}],"predecessor-version":[{"id":174,"href":"http:\/\/automatizacionesmmas.com\/site\/wp-json\/wp\/v2\/pages\/150\/revisions\/174"}],"wp:attachment":[{"href":"http:\/\/automatizacionesmmas.com\/site\/wp-json\/wp\/v2\/media?parent=150"}],"curies":[{"name":"wp","href":"https:\/\/api.w.org\/{rel}","templated":true}]}}