{"id":52,"date":"2020-05-06T17:15:15","date_gmt":"2020-05-06T23:15:15","guid":{"rendered":"http:\/\/automatizacionesmmas.com\/site\/?page_id=52"},"modified":"2020-09-07T15:47:08","modified_gmt":"2020-09-07T21:47:08","slug":"inicio","status":"publish","type":"page","link":"https:\/\/automatizacionesmmas.com\/site\/","title":{"rendered":"Inicio"},"content":{"rendered":"\t\t<div data-elementor-type=\"wp-page\" data-elementor-id=\"52\" class=\"elementor elementor-52\" data-elementor-settings=\"[]\">\n\t\t\t\t\t\t<div class=\"elementor-inner\">\n\t\t\t\t\t\t\t<div class=\"elementor-section-wrap\">\n\t\t\t\t\t\t\t<section class=\"elementor-section elementor-top-section elementor-element elementor-element-56b9f1c elementor-section-full_width elementor-section-height-min-height nosotros elementor-section-height-default elementor-section-items-middle elementor-invisible\" data-id=\"56b9f1c\" data-element_type=\"section\" id=\"nosotros\" data-settings=\"{&quot;background_background&quot;:&quot;classic&quot;,&quot;animation&quot;:&quot;zoomIn&quot;}\">\n\t\t\t\t\t\t<div class=\"elementor-container elementor-column-gap-default\">\n\t\t\t\t\t\t\t<div class=\"elementor-row\">\n\t\t\t\t\t<div class=\"elementor-column elementor-col-50 elementor-top-column elementor-element elementor-element-c715ecc\" data-id=\"c715ecc\" data-element_type=\"column\">\n\t\t\t<div class=\"elementor-column-wrap elementor-element-populated\">\n\t\t\t\t\t\t\t<div class=\"elementor-widget-wrap\">\n\t\t\t\t\t\t<div class=\"elementor-element elementor-element-fe6d9a9 elementor-invisible elementor-widget elementor-widget-text-editor\" data-id=\"fe6d9a9\" data-element_type=\"widget\" data-settings=\"{&quot;_animation&quot;:&quot;bounceInLeft&quot;}\" data-widget_type=\"text-editor.default\">\n\t\t\t\t<div class=\"elementor-widget-container\">\n\t\t\t\t\t<div class=\"elementor-text-editor elementor-clearfix\"><p><strong><i>Iniciamos operaciones en el a\u00f1o 2000, como una empresa dedicada al dise\u00f1o electr\u00f3nico y a la automatizaci\u00f3n y control industrial en el campo de laboratorios para certificaci\u00f3n de productos, posteriormente nos diversificamos en las \u00e1reas que requieren soluciones tecnol\u00f3gicas a la medida de las necesidades de nuestros clientes.<\/i><\/strong><\/p><\/div>\n\t\t\t\t<\/div>\n\t\t\t\t<\/div>\n\t\t\t\t\t\t<\/div>\n\t\t\t\t\t<\/div>\n\t\t<\/div>\n\t\t\t\t<div class=\"elementor-column elementor-col-50 elementor-top-column elementor-element elementor-element-faaeda7\" data-id=\"faaeda7\" data-element_type=\"column\">\n\t\t\t<div class=\"elementor-column-wrap\">\n\t\t\t\t\t\t\t<div class=\"elementor-widget-wrap\">\n\t\t\t\t\t\t\t\t<\/div>\n\t\t\t\t\t<\/div>\n\t\t<\/div>\n\t\t\t\t\t\t\t\t<\/div>\n\t\t\t\t\t<\/div>\n\t\t<\/section>\n\t\t\t\t<section class=\"elementor-section elementor-top-section elementor-element elementor-element-3643bcc elementor-section-height-min-height elementor-section-content-middle elementor-reverse-mobile servicios elementor-section-boxed elementor-section-height-default elementor-section-items-middle elementor-invisible\" data-id=\"3643bcc\" data-element_type=\"section\" id=\"servicios\" data-settings=\"{&quot;background_background&quot;:&quot;classic&quot;,&quot;animation&quot;:&quot;zoomIn&quot;}\">\n\t\t\t\t\t\t<div class=\"elementor-container elementor-column-gap-no\">\n\t\t\t\t\t\t\t<div class=\"elementor-row\">\n\t\t\t\t\t<div class=\"elementor-column elementor-col-50 elementor-top-column elementor-element elementor-element-16620248\" data-id=\"16620248\" data-element_type=\"column\">\n\t\t\t<div class=\"elementor-column-wrap elementor-element-populated\">\n\t\t\t\t\t\t\t<div class=\"elementor-widget-wrap\">\n\t\t\t\t\t\t<div class=\"elementor-element elementor-element-7578cd0b elementor-widget elementor-widget-heading\" data-id=\"7578cd0b\" data-element_type=\"widget\" data-widget_type=\"heading.default\">\n\t\t\t\t<div class=\"elementor-widget-container\">\n\t\t\t<h2 class=\"elementor-heading-title elementor-size-default\">Tecnolog\u00eda de punta en desinfecci\u00f3n<\/h2>\t\t<\/div>\n\t\t\t\t<\/div>\n\t\t\t\t<div class=\"elementor-element elementor-element-47ebf010 elementor-widget elementor-widget-text-editor\" data-id=\"47ebf010\" data-element_type=\"widget\" data-widget_type=\"text-editor.default\">\n\t\t\t\t<div class=\"elementor-widget-container\">\n\t\t\t\t\t<div class=\"elementor-text-editor elementor-clearfix\"><p>La radiaci\u00f3n <b>UVC<\/b> proporciona una eliminaci\u00f3n r\u00e1pida y eficiente de microorganismos mediante un proceso f\u00edsico.<\/p><p>Desinfecta, esteriliza superficies y objetos. Elimina: <b>Virus de todo tipo (Covid-19), g\u00e9rmenes, \u00e1caros, bacterias y hongos.<\/b><\/p><\/div>\n\t\t\t\t<\/div>\n\t\t\t\t<\/div>\n\t\t\t\t<div class=\"elementor-element elementor-element-2bc9a8c6 elementor-align-center elementor-mobile-align-center elementor-widget elementor-widget-button\" data-id=\"2bc9a8c6\" data-element_type=\"widget\" data-widget_type=\"button.default\">\n\t\t\t\t<div class=\"elementor-widget-container\">\n\t\t\t\t\t<div class=\"elementor-button-wrapper\">\n\t\t\t<a href=\"http:\/\/automatizacionesmmas.com\/site\/tecnologia-de-punta-desinfeccion\/\" class=\"elementor-button-link elementor-button elementor-size-sm elementor-animation-grow\" role=\"button\">\n\t\t\t\t\t\t<span class=\"elementor-button-content-wrapper\">\n\t\t\t\t\t\t<span class=\"elementor-button-text\">Leer mas<\/span>\n\t\t<\/span>\n\t\t\t\t\t<\/a>\n\t\t<\/div>\n\t\t\t\t<\/div>\n\t\t\t\t<\/div>\n\t\t\t\t\t\t<\/div>\n\t\t\t\t\t<\/div>\n\t\t<\/div>\n\t\t\t\t<div class=\"elementor-column elementor-col-50 elementor-top-column elementor-element elementor-element-81ba452\" data-id=\"81ba452\" data-element_type=\"column\">\n\t\t\t<div class=\"elementor-column-wrap elementor-element-populated\">\n\t\t\t\t\t\t\t<div class=\"elementor-widget-wrap\">\n\t\t\t\t\t\t<div class=\"elementor-element elementor-element-9ec995b elementor-widget elementor-widget-image\" data-id=\"9ec995b\" data-element_type=\"widget\" data-widget_type=\"image.default\">\n\t\t\t\t<div class=\"elementor-widget-container\">\n\t\t\t\t\t<div class=\"elementor-image\">\n\t\t\t\t\t\t\t\t\t\t<img width=\"640\" height=\"428\" src=\"https:\/\/automatizacionesmmas.com\/site\/wp-content\/uploads\/2020\/08\/Uv-Irradiation-Cabin.jpg\" class=\"attachment-full size-full\" alt=\"\" loading=\"lazy\" srcset=\"https:\/\/automatizacionesmmas.com\/site\/wp-content\/uploads\/2020\/08\/Uv-Irradiation-Cabin.jpg 640w, https:\/\/automatizacionesmmas.com\/site\/wp-content\/uploads\/2020\/08\/Uv-Irradiation-Cabin-300x201.jpg 300w, https:\/\/automatizacionesmmas.com\/site\/wp-content\/uploads\/2020\/08\/Uv-Irradiation-Cabin-360x240.jpg 360w\" sizes=\"(max-width: 640px) 100vw, 640px\" \/>\t\t\t\t\t\t\t\t\t\t\t<\/div>\n\t\t\t\t<\/div>\n\t\t\t\t<\/div>\n\t\t\t\t\t\t<\/div>\n\t\t\t\t\t<\/div>\n\t\t<\/div>\n\t\t\t\t\t\t\t\t<\/div>\n\t\t\t\t\t<\/div>\n\t\t<\/section>\n\t\t\t\t<section class=\"elementor-section elementor-top-section elementor-element elementor-element-cf9dfa2 elementor-section-boxed elementor-section-height-default elementor-section-height-default\" data-id=\"cf9dfa2\" data-element_type=\"section\">\n\t\t\t\t\t\t<div class=\"elementor-container elementor-column-gap-default\">\n\t\t\t\t\t\t\t<div class=\"elementor-row\">\n\t\t\t\t\t<div class=\"elementor-column elementor-col-100 elementor-top-column elementor-element elementor-element-8a8b74d\" data-id=\"8a8b74d\" data-element_type=\"column\">\n\t\t\t<div class=\"elementor-column-wrap elementor-element-populated\">\n\t\t\t\t\t\t\t<div class=\"elementor-widget-wrap\">\n\t\t\t\t\t\t<div class=\"elementor-element elementor-element-922adc3 elementor-widget elementor-widget-heading\" data-id=\"922adc3\" data-element_type=\"widget\" data-widget_type=\"heading.default\">\n\t\t\t\t<div class=\"elementor-widget-container\">\n\t\t\t<h2 class=\"elementor-heading-title elementor-size-default\">Nuestros clientes<\/h2>\t\t<\/div>\n\t\t\t\t<\/div>\n\t\t\t\t\t\t<\/div>\n\t\t\t\t\t<\/div>\n\t\t<\/div>\n\t\t\t\t\t\t\t\t<\/div>\n\t\t\t\t\t<\/div>\n\t\t<\/section>\n\t\t\t\t<section class=\"elementor-section elementor-top-section elementor-element elementor-element-fb85408 elementor-section-boxed elementor-section-height-default elementor-section-height-default\" data-id=\"fb85408\" data-element_type=\"section\">\n\t\t\t\t\t\t<div class=\"elementor-container elementor-column-gap-default\">\n\t\t\t\t\t\t\t<div class=\"elementor-row\">\n\t\t\t\t\t<div class=\"elementor-column elementor-col-100 elementor-top-column elementor-element elementor-element-6d09a04\" data-id=\"6d09a04\" data-element_type=\"column\">\n\t\t\t<div class=\"elementor-column-wrap elementor-element-populated\">\n\t\t\t\t\t\t\t<div class=\"elementor-widget-wrap\">\n\t\t\t\t\t\t<div class=\"elementor-element elementor-element-b3214ac elementor-arrows-position-inside elementor-pagination-position-outside elementor-widget elementor-widget-image-carousel\" data-id=\"b3214ac\" data-element_type=\"widget\" data-settings=\"{&quot;slides_to_show&quot;:&quot;4&quot;,&quot;navigation&quot;:&quot;both&quot;,&quot;autoplay&quot;:&quot;yes&quot;,&quot;pause_on_hover&quot;:&quot;yes&quot;,&quot;pause_on_interaction&quot;:&quot;yes&quot;,&quot;autoplay_speed&quot;:5000,&quot;infinite&quot;:&quot;yes&quot;,&quot;speed&quot;:500}\" data-widget_type=\"image-carousel.default\">\n\t\t\t\t<div class=\"elementor-widget-container\">\n\t\t\t\t\t<div class=\"elementor-image-carousel-wrapper swiper-container\" dir=\"ltr\">\n\t\t\t<div class=\"elementor-image-carousel swiper-wrapper\">\n\t\t\t\t<div class=\"swiper-slide\"><figure class=\"swiper-slide-inner\"><img class=\"swiper-slide-image\" src=\"https:\/\/automatizacionesmmas.com\/site\/wp-content\/uploads\/2020\/08\/honda-the-power-of-dreams-logo-768x417.png\" alt=\"honda-the-power-of-dreams-logo\" \/><\/figure><\/div><div class=\"swiper-slide\"><figure class=\"swiper-slide-inner\"><img class=\"swiper-slide-image\" src=\"https:\/\/automatizacionesmmas.com\/site\/wp-content\/uploads\/2020\/08\/whirlpool-logo-768x348.jpg\" alt=\"whirlpool-logo\" \/><\/figure><\/div><div class=\"swiper-slide\"><figure class=\"swiper-slide-inner\"><img class=\"swiper-slide-image\" src=\"https:\/\/automatizacionesmmas.com\/site\/wp-content\/uploads\/2020\/08\/pg.png\" alt=\"p&amp;g\" \/><\/figure><\/div><div class=\"swiper-slide\"><figure class=\"swiper-slide-inner\"><img class=\"swiper-slide-image\" src=\"https:\/\/automatizacionesmmas.com\/site\/wp-content\/uploads\/2020\/08\/nrtec.jpg\" alt=\"nrtec\" \/><\/figure><\/div><div class=\"swiper-slide\"><figure class=\"swiper-slide-inner\"><img class=\"swiper-slide-image\" src=\"https:\/\/automatizacionesmmas.com\/site\/wp-content\/uploads\/2020\/08\/potogas.png\" alt=\"potogas\" \/><\/figure><\/div><div class=\"swiper-slide\"><figure class=\"swiper-slide-inner\"><img class=\"swiper-slide-image\" src=\"https:\/\/automatizacionesmmas.com\/site\/wp-content\/uploads\/2020\/08\/logo_gas1.png\" alt=\"logo_gas1\" \/><\/figure><\/div><div class=\"swiper-slide\"><figure class=\"swiper-slide-inner\"><img class=\"swiper-slide-image\" src=\"https:\/\/automatizacionesmmas.com\/site\/wp-content\/uploads\/2020\/08\/grupo-mexico.jpg\" alt=\"grupo-mexico\" \/><\/figure><\/div><div class=\"swiper-slide\"><figure class=\"swiper-slide-inner\"><img class=\"swiper-slide-image\" src=\"https:\/\/automatizacionesmmas.com\/site\/wp-content\/uploads\/2020\/08\/logo-dataware.png\" alt=\"logo-dataware\" \/><\/figure><\/div><div class=\"swiper-slide\"><figure class=\"swiper-slide-inner\"><img class=\"swiper-slide-image\" src=\"https:\/\/automatizacionesmmas.com\/site\/wp-content\/uploads\/2020\/08\/Robertshaw186.jpg\" alt=\"Robertshaw186\" \/><\/figure><\/div><div class=\"swiper-slide\"><figure class=\"swiper-slide-inner\"><img class=\"swiper-slide-image\" src=\"https:\/\/automatizacionesmmas.com\/site\/wp-content\/uploads\/2020\/08\/bocar-group-logo.png\" alt=\"bocar-group-logo\" \/><\/figure><\/div><div class=\"swiper-slide\"><figure class=\"swiper-slide-inner\"><img class=\"swiper-slide-image\" src=\"https:\/\/automatizacionesmmas.com\/site\/wp-content\/uploads\/2020\/08\/ciateq-logo.png\" alt=\"ciateq-logo\" \/><\/figure><\/div><div class=\"swiper-slide\"><figure class=\"swiper-slide-inner\"><img class=\"swiper-slide-image\" src=\"https:\/\/automatizacionesmmas.com\/site\/wp-content\/uploads\/2020\/08\/sandoz-768x214.jpg\" alt=\"sandoz\" \/><\/figure><\/div>\t\t\t<\/div>\n\t\t\t\t\t\t\t\t\t\t\t\t<div class=\"swiper-pagination\"><\/div>\n\t\t\t\t\t\t\t\t\t\t\t\t\t<div class=\"elementor-swiper-button elementor-swiper-button-prev\">\n\t\t\t\t\t\t<i class=\"eicon-chevron-left\" aria-hidden=\"true\"><\/i>\n\t\t\t\t\t\t<span class=\"elementor-screen-only\">Previo<\/span>\n\t\t\t\t\t<\/div>\n\t\t\t\t\t<div class=\"elementor-swiper-button elementor-swiper-button-next\">\n\t\t\t\t\t\t<i class=\"eicon-chevron-right\" aria-hidden=\"true\"><\/i>\n\t\t\t\t\t\t<span class=\"elementor-screen-only\">Siguiente<\/span>\n\t\t\t\t\t<\/div>\n\t\t\t\t\t\t\t\t\t<\/div>\n\t\t\t\t<\/div>\n\t\t\t\t<\/div>\n\t\t\t\t\t\t<\/div>\n\t\t\t\t\t<\/div>\n\t\t<\/div>\n\t\t\t\t\t\t\t\t<\/div>\n\t\t\t\t\t<\/div>\n\t\t<\/section>\n\t\t\t\t\t\t<\/div>\n\t\t\t\t\t\t<\/div>\n\t\t\t\t\t<\/div>\n\t\t","protected":false},"excerpt":{"rendered":"<p>Iniciamos operaciones en el a\u00f1o 2000, como una empresa dedicada al dise\u00f1o electr\u00f3nico y a la automatizaci\u00f3n y control industrial en el campo de laboratorios para certificaci\u00f3n de productos, posteriormente nos diversificamos en las \u00e1reas que requieren soluciones tecnol\u00f3gicas a la medida de las necesidades de nuestros clientes. Tecnolog\u00eda de [&hellip;]<\/p>\n","protected":false},"author":1,"featured_media":0,"parent":0,"menu_order":0,"comment_status":"closed","ping_status":"closed","template":"","meta":[],"_links":{"self":[{"href":"https:\/\/automatizacionesmmas.com\/site\/wp-json\/wp\/v2\/pages\/52"}],"collection":[{"href":"https:\/\/automatizacionesmmas.com\/site\/wp-json\/wp\/v2\/pages"}],"about":[{"href":"https:\/\/automatizacionesmmas.com\/site\/wp-json\/wp\/v2\/types\/page"}],"author":[{"embeddable":true,"href":"https:\/\/automatizacionesmmas.com\/site\/wp-json\/wp\/v2\/users\/1"}],"replies":[{"embeddable":true,"href":"https:\/\/automatizacionesmmas.com\/site\/wp-json\/wp\/v2\/comments?post=52"}],"version-history":[{"count":45,"href":"https:\/\/automatizacionesmmas.com\/site\/wp-json\/wp\/v2\/pages\/52\/revisions"}],"predecessor-version":[{"id":160,"href":"https:\/\/automatizacionesmmas.com\/site\/wp-json\/wp\/v2\/pages\/52\/revisions\/160"}],"wp:attachment":[{"href":"https:\/\/automatizacionesmmas.com\/site\/wp-json\/wp\/v2\/media?parent=52"}],"curies":[{"name":"wp","href":"https:\/\/api.w.org\/{rel}","templated":true}]}}